{"id":36,"date":"2025-12-25T10:14:21","date_gmt":"2025-12-25T10:14:21","guid":{"rendered":"https:\/\/optiflow-da62f193hu.live-website.com\/impressum\/"},"modified":"2026-04-10T15:00:58","modified_gmt":"2026-04-10T14:00:58","slug":"impressum","status":"publish","type":"page","link":"https:\/\/optiflow-pmc.at\/en\/impressum\/","title":{"rendered":"Imprint"},"content":{"rendered":"<div class=\"wp-block-group alignfull is-style-ext-preset--group--natural-1--section has-background-background-color has-background has-global-padding is-layout-constrained wp-container-core-group-is-layout-6150fac0 wp-block-group-is-layout-constrained\" style=\"margin-top:0;margin-bottom:0;padding-top:var(--wp--preset--spacing--70);padding-bottom:var(--wp--preset--spacing--70)\">\n<p><strong>Wichtiger Hinweis: Diese Impressum-Vorlage wurde mit gr\u00f6\u00dfter Sorgfalt erstellt. Dennoch \u00fcbernehmen wir keine Gew\u00e4hr f\u00fcr die Vollst\u00e4ndigkeit und Richtigkeit der Inhalte sowie f\u00fcr deren Rechtssicherheit. Es liegt in der Verantwortung des Nutzers, die Vorlage eigenst\u00e4ndig an die jeweils geltenden gesetzlichen Bestimmungen anzupassen und auf ihre Aktualit\u00e4t zu pr\u00fcfen. Eine Haftung f\u00fcr Sch\u00e4den, die direkt oder indirekt aus der Nutzung dieser Vorlage entstehen, wird ausgeschlossen.<\/strong> <br><br> <strong>Website-Betreiber:<\/strong><br>optiflow-pmc GmbH<br>Lerchenweg 3<br>4774 St. Marienkirchen<br>Austria<br><br> <strong>Kontaktinformationen:<\/strong><br> E-Mail: office@optiflow-pmc.at<br> Website: optiflow-pmc.at<br><br> <strong>Vertretungsberechtigte Person:<\/strong><br>Martin Rosenberger<br>Michael Unterholzer<br>(Gesch\u00e4ftsf\u00fchrer)<br><br> <strong>Unternehmensregistrierung:<\/strong><br> Registergericht: LG Ried im Innkreis<br> Handelsregisternummer: FN671641h<br> Umsatzsteuer-ID gem\u00e4\u00df \u00a7 27a UStG: ATU83047837<br><br> <strong>Letzte Aktualisierung:<\/strong><br> 2026<\/p>\n<\/div>","protected":false},"excerpt":{"rendered":"<p>Wichtiger Hinweis: Diese Impressum-Vorlage wurde mit gr\u00f6\u00dfter Sorgfalt erstellt. Dennoch \u00fcbernehmen wir keine Gew\u00e4hr f\u00fcr die Vollst\u00e4ndigkeit und Richtigkeit der Inhalte sowie f\u00fcr deren Rechtssicherheit. Es liegt in der Verantwortung des Nutzers, die Vorlage eigenst\u00e4ndig an die jeweils geltenden gesetzlichen Bestimmungen anzupassen und auf ihre Aktualit\u00e4t zu pr\u00fcfen. Eine Haftung f\u00fcr Sch\u00e4den, die direkt oder [&hellip;]<\/p>\n","protected":false},"author":1,"featured_media":0,"parent":0,"menu_order":0,"comment_status":"closed","ping_status":"closed","template":"page-with-title","meta":{"_monsterinsights_skip_tracking":false,"_monsterinsights_sitenote_active":false,"_monsterinsights_sitenote_note":"","_monsterinsights_sitenote_category":0,"footnotes":""},"class_list":["post-36","page","type-page","status-publish","hentry"],"aioseo_notices":[],"_links":{"self":[{"href":"https:\/\/optiflow-pmc.at\/en\/wp-json\/wp\/v2\/pages\/36","targetHints":{"allow":["GET"]}}],"collection":[{"href":"https:\/\/optiflow-pmc.at\/en\/wp-json\/wp\/v2\/pages"}],"about":[{"href":"https:\/\/optiflow-pmc.at\/en\/wp-json\/wp\/v2\/types\/page"}],"author":[{"embeddable":true,"href":"https:\/\/optiflow-pmc.at\/en\/wp-json\/wp\/v2\/users\/1"}],"replies":[{"embeddable":true,"href":"https:\/\/optiflow-pmc.at\/en\/wp-json\/wp\/v2\/comments?post=36"}],"version-history":[{"count":3,"href":"https:\/\/optiflow-pmc.at\/en\/wp-json\/wp\/v2\/pages\/36\/revisions"}],"predecessor-version":[{"id":160,"href":"https:\/\/optiflow-pmc.at\/en\/wp-json\/wp\/v2\/pages\/36\/revisions\/160"}],"wp:attachment":[{"href":"https:\/\/optiflow-pmc.at\/en\/wp-json\/wp\/v2\/media?parent=36"}],"curies":[{"name":"WordPress","href":"https:\/\/api.w.org\/{rel}","templated":true}]}}